{"id":2931,"date":"2018-05-29T16:17:09","date_gmt":"2018-05-29T13:17:09","guid":{"rendered":"https:\/\/www.amathuslimassol.com\/rooms-overview\/"},"modified":"2022-01-31T19:34:06","modified_gmt":"2022-01-31T17:34:06","slug":"accommodation","status":"publish","type":"page","link":"https:\/\/www.amathuslimassol.com\/fr\/accommodation\/","title":{"rendered":"H\u00e9bergement"},"content":{"rendered":"","protected":false},"excerpt":{"rendered":"","protected":false},"author":1,"featured_media":0,"parent":0,"menu_order":0,"comment_status":"closed","ping_status":"closed","template":"templates\/overview.php","meta":{"_acf_changed":false},"class_list":["post-2931","page","type-page","status-publish","hentry"],"acf":[],"yoast_head":"<!-- This site is optimized with the Yoast SEO plugin v27.2 - https:\/\/yoast.com\/product\/yoast-seo-wordpress\/ -->\n<title>H\u00e9bergement | Amathus Limassol<\/title>\n<meta name=\"description\" content=\"Un h\u00f4tel de plage de luxe \u00e0 Limassol qui propose une collection de chambres de luxe et de suites spacieuses avec vue panoramique sur la mer. Profitez de votre s\u00e9jour de luxe \u00e0 Chypre\" \/>\n<meta name=\"robots\" content=\"index, follow, max-snippet:-1, max-image-preview:large, max-video-preview:-1\" \/>\n<link rel=\"canonical\" href=\"https:\/\/www.amathuslimassol.com\/fr\/accommodation\/\" \/>\n<meta property=\"og:locale\" content=\"fr_FR\" \/>\n<meta property=\"og:type\" content=\"article\" \/>\n<meta property=\"og:title\" content=\"H\u00e9bergement | Amathus Limassol\" \/>\n<meta property=\"og:description\" content=\"Un h\u00f4tel de plage de luxe \u00e0 Limassol qui propose une collection de chambres de luxe et de suites spacieuses avec vue panoramique sur la mer. Profitez de votre s\u00e9jour de luxe \u00e0 Chypre\" \/>\n<meta property=\"og:url\" content=\"https:\/\/www.amathuslimassol.com\/fr\/accommodation\/\" \/>\n<meta property=\"og:site_name\" content=\"Amathus Limassol\" \/>\n<meta property=\"article:modified_time\" content=\"2022-01-31T17:34:06+00:00\" \/>\n<meta property=\"og:image\" content=\"https:\/\/www.amathuslimassol.com\/wp-content\/uploads\/2018\/07\/amathus-family-beach.jpg\" \/>\n\t<meta property=\"og:image:width\" content=\"1920\" \/>\n\t<meta property=\"og:image:height\" content=\"1080\" \/>\n\t<meta property=\"og:image:type\" content=\"image\/jpeg\" \/>\n<meta name=\"twitter:card\" content=\"summary_large_image\" \/>\n<!-- \/ Yoast SEO plugin. -->","yoast_head_json":{"title":"H\u00e9bergement | Amathus Limassol","description":"Un h\u00f4tel de plage de luxe \u00e0 Limassol qui propose une collection de chambres de luxe et de suites spacieuses avec vue panoramique sur la mer. Profitez de votre s\u00e9jour de luxe \u00e0 Chypre","robots":{"index":"index","follow":"follow","max-snippet":"max-snippet:-1","max-image-preview":"max-image-preview:large","max-video-preview":"max-video-preview:-1"},"canonical":"https:\/\/www.amathuslimassol.com\/fr\/accommodation\/","og_locale":"fr_FR","og_type":"article","og_title":"H\u00e9bergement | Amathus Limassol","og_description":"Un h\u00f4tel de plage de luxe \u00e0 Limassol qui propose une collection de chambres de luxe et de suites spacieuses avec vue panoramique sur la mer. Profitez de votre s\u00e9jour de luxe \u00e0 Chypre","og_url":"https:\/\/www.amathuslimassol.com\/fr\/accommodation\/","og_site_name":"Amathus Limassol","article_modified_time":"2022-01-31T17:34:06+00:00","og_image":[{"width":1920,"height":1080,"url":"https:\/\/www.amathuslimassol.com\/wp-content\/uploads\/2018\/07\/amathus-family-beach.jpg","type":"image\/jpeg"}],"twitter_card":"summary_large_image","schema":{"@context":"https:\/\/schema.org","@graph":[{"@type":"WebPage","@id":"https:\/\/www.amathuslimassol.com\/fr\/accommodation\/","url":"https:\/\/www.amathuslimassol.com\/fr\/accommodation\/","name":"H\u00e9bergement | Amathus Limassol","isPartOf":{"@id":"https:\/\/www.amathuslimassol.com\/fr\/#website"},"datePublished":"2018-05-29T13:17:09+00:00","dateModified":"2022-01-31T17:34:06+00:00","description":"Un h\u00f4tel de plage de luxe \u00e0 Limassol qui propose une collection de chambres de luxe et de suites spacieuses avec vue panoramique sur la mer. Profitez de votre s\u00e9jour de luxe \u00e0 Chypre","breadcrumb":{"@id":"https:\/\/www.amathuslimassol.com\/fr\/accommodation\/#breadcrumb"},"inLanguage":"fr-FR","potentialAction":[{"@type":"ReadAction","target":["https:\/\/www.amathuslimassol.com\/fr\/accommodation\/"]}]},{"@type":"BreadcrumbList","@id":"https:\/\/www.amathuslimassol.com\/fr\/accommodation\/#breadcrumb","itemListElement":[{"@type":"ListItem","position":1,"name":"Home","item":"https:\/\/www.amathuslimassol.com\/fr\/"},{"@type":"ListItem","position":2,"name":"H\u00e9bergement"}]},{"@type":"WebSite","@id":"https:\/\/www.amathuslimassol.com\/fr\/#website","url":"https:\/\/www.amathuslimassol.com\/fr\/","name":"Amathus Limassol","description":"","publisher":{"@id":"https:\/\/www.amathuslimassol.com\/fr\/#organization"},"potentialAction":[{"@type":"SearchAction","target":{"@type":"EntryPoint","urlTemplate":"https:\/\/www.amathuslimassol.com\/fr\/?s={search_term_string}"},"query-input":{"@type":"PropertyValueSpecification","valueRequired":true,"valueName":"search_term_string"}}],"inLanguage":"fr-FR"},{"@type":"Organization","@id":"https:\/\/www.amathuslimassol.com\/fr\/#organization","name":"Amathus Limassol","url":"https:\/\/www.amathuslimassol.com\/fr\/","logo":{"@type":"ImageObject","inLanguage":"fr-FR","@id":"https:\/\/www.amathuslimassol.com\/fr\/#\/schema\/logo\/image\/","url":"https:\/\/www.amathuslimassol.com\/wp-content\/uploads\/2018\/06\/cropped-favicon.png","contentUrl":"https:\/\/www.amathuslimassol.com\/wp-content\/uploads\/2018\/06\/cropped-favicon.png","width":512,"height":512,"caption":"Amathus Limassol"},"image":{"@id":"https:\/\/www.amathuslimassol.com\/fr\/#\/schema\/logo\/image\/"}}]}},"_links":{"self":[{"href":"https:\/\/www.amathuslimassol.com\/fr\/wp-json\/wp\/v2\/pages\/2931","targetHints":{"allow":["GET"]}}],"collection":[{"href":"https:\/\/www.amathuslimassol.com\/fr\/wp-json\/wp\/v2\/pages"}],"about":[{"href":"https:\/\/www.amathuslimassol.com\/fr\/wp-json\/wp\/v2\/types\/page"}],"author":[{"embeddable":true,"href":"https:\/\/www.amathuslimassol.com\/fr\/wp-json\/wp\/v2\/users\/1"}],"replies":[{"embeddable":true,"href":"https:\/\/www.amathuslimassol.com\/fr\/wp-json\/wp\/v2\/comments?post=2931"}],"version-history":[{"count":5,"href":"https:\/\/www.amathuslimassol.com\/fr\/wp-json\/wp\/v2\/pages\/2931\/revisions"}],"predecessor-version":[{"id":31136,"href":"https:\/\/www.amathuslimassol.com\/fr\/wp-json\/wp\/v2\/pages\/2931\/revisions\/31136"}],"wp:attachment":[{"href":"https:\/\/www.amathuslimassol.com\/fr\/wp-json\/wp\/v2\/media?parent=2931"}],"curies":[{"name":"wp","href":"https:\/\/api.w.org\/{rel}","templated":true}]}}