{"id":3090,"date":"2018-05-31T12:37:43","date_gmt":"2018-05-31T09:37:43","guid":{"rendered":"https:\/\/www.amathuslimassol.com\/offers-overview\/"},"modified":"2022-01-31T17:45:34","modified_gmt":"2022-01-31T15:45:34","slug":"exclusive-offers","status":"publish","type":"page","link":"https:\/\/www.amathuslimassol.com\/fr\/exclusive-offers\/","title":{"rendered":"Offres Aper\u00e7u"},"content":{"rendered":"","protected":false},"excerpt":{"rendered":"","protected":false},"author":1,"featured_media":0,"parent":0,"menu_order":0,"comment_status":"closed","ping_status":"closed","template":"templates\/offers.php","meta":{"_acf_changed":false},"class_list":["post-3090","page","type-page","status-publish","hentry"],"acf":[],"yoast_head":"<!-- This site is optimized with the Yoast SEO plugin v27.2 - https:\/\/yoast.com\/product\/yoast-seo-wordpress\/ -->\n<title>Offres Aper\u00e7u | Amathus Limassol<\/title>\n<meta name=\"description\" content=\"Profitez des offres sp\u00e9ciales d&#039; Amathus Limassol et b\u00e9n\u00e9ficiez de r\u00e9ductions sp\u00e9ciales sur les s\u00e9jours et les services. Profitez d\u00e8s maintenant de votre h\u00e9bergement 5 \u00e9toiles \u00e0 l&#039;Amathus, \u00e0 Limassol!\" \/>\n<meta name=\"robots\" content=\"index, follow, max-snippet:-1, max-image-preview:large, max-video-preview:-1\" \/>\n<link rel=\"canonical\" href=\"https:\/\/www.amathuslimassol.com\/fr\/exclusive-offers\/\" \/>\n<meta property=\"og:locale\" content=\"fr_FR\" \/>\n<meta property=\"og:type\" content=\"article\" \/>\n<meta property=\"og:title\" content=\"Offres Aper\u00e7u | Amathus Limassol\" \/>\n<meta property=\"og:description\" content=\"Profitez des offres sp\u00e9ciales d&#039; Amathus Limassol et b\u00e9n\u00e9ficiez de r\u00e9ductions sp\u00e9ciales sur les s\u00e9jours et les services. Profitez d\u00e8s maintenant de votre h\u00e9bergement 5 \u00e9toiles \u00e0 l&#039;Amathus, \u00e0 Limassol!\" \/>\n<meta property=\"og:url\" content=\"https:\/\/www.amathuslimassol.com\/fr\/exclusive-offers\/\" \/>\n<meta property=\"og:site_name\" content=\"Amathus Limassol\" \/>\n<meta property=\"article:modified_time\" content=\"2022-01-31T15:45:34+00:00\" \/>\n<meta property=\"og:image\" content=\"https:\/\/www.amathuslimassol.com\/wp-content\/uploads\/2018\/07\/amathus-family-beach.jpg\" \/>\n\t<meta property=\"og:image:width\" content=\"1920\" \/>\n\t<meta property=\"og:image:height\" content=\"1080\" \/>\n\t<meta property=\"og:image:type\" content=\"image\/jpeg\" \/>\n<meta name=\"twitter:card\" content=\"summary_large_image\" \/>\n<!-- \/ Yoast SEO plugin. -->","yoast_head_json":{"title":"Offres Aper\u00e7u | Amathus Limassol","description":"Profitez des offres sp\u00e9ciales d' Amathus Limassol et b\u00e9n\u00e9ficiez de r\u00e9ductions sp\u00e9ciales sur les s\u00e9jours et les services. Profitez d\u00e8s maintenant de votre h\u00e9bergement 5 \u00e9toiles \u00e0 l'Amathus, \u00e0 Limassol!","robots":{"index":"index","follow":"follow","max-snippet":"max-snippet:-1","max-image-preview":"max-image-preview:large","max-video-preview":"max-video-preview:-1"},"canonical":"https:\/\/www.amathuslimassol.com\/fr\/exclusive-offers\/","og_locale":"fr_FR","og_type":"article","og_title":"Offres Aper\u00e7u | Amathus Limassol","og_description":"Profitez des offres sp\u00e9ciales d' Amathus Limassol et b\u00e9n\u00e9ficiez de r\u00e9ductions sp\u00e9ciales sur les s\u00e9jours et les services. Profitez d\u00e8s maintenant de votre h\u00e9bergement 5 \u00e9toiles \u00e0 l'Amathus, \u00e0 Limassol!","og_url":"https:\/\/www.amathuslimassol.com\/fr\/exclusive-offers\/","og_site_name":"Amathus Limassol","article_modified_time":"2022-01-31T15:45:34+00:00","og_image":[{"width":1920,"height":1080,"url":"https:\/\/www.amathuslimassol.com\/wp-content\/uploads\/2018\/07\/amathus-family-beach.jpg","type":"image\/jpeg"}],"twitter_card":"summary_large_image","schema":{"@context":"https:\/\/schema.org","@graph":[{"@type":"WebPage","@id":"https:\/\/www.amathuslimassol.com\/fr\/exclusive-offers\/","url":"https:\/\/www.amathuslimassol.com\/fr\/exclusive-offers\/","name":"Offres Aper\u00e7u | Amathus Limassol","isPartOf":{"@id":"https:\/\/www.amathuslimassol.com\/fr\/#website"},"datePublished":"2018-05-31T09:37:43+00:00","dateModified":"2022-01-31T15:45:34+00:00","description":"Profitez des offres sp\u00e9ciales d' Amathus Limassol et b\u00e9n\u00e9ficiez de r\u00e9ductions sp\u00e9ciales sur les s\u00e9jours et les services. Profitez d\u00e8s maintenant de votre h\u00e9bergement 5 \u00e9toiles \u00e0 l'Amathus, \u00e0 Limassol!","breadcrumb":{"@id":"https:\/\/www.amathuslimassol.com\/fr\/exclusive-offers\/#breadcrumb"},"inLanguage":"fr-FR","potentialAction":[{"@type":"ReadAction","target":["https:\/\/www.amathuslimassol.com\/fr\/exclusive-offers\/"]}]},{"@type":"BreadcrumbList","@id":"https:\/\/www.amathuslimassol.com\/fr\/exclusive-offers\/#breadcrumb","itemListElement":[{"@type":"ListItem","position":1,"name":"Home","item":"https:\/\/www.amathuslimassol.com\/fr\/"},{"@type":"ListItem","position":2,"name":"Offres Aper\u00e7u"}]},{"@type":"WebSite","@id":"https:\/\/www.amathuslimassol.com\/fr\/#website","url":"https:\/\/www.amathuslimassol.com\/fr\/","name":"Amathus Limassol","description":"","publisher":{"@id":"https:\/\/www.amathuslimassol.com\/fr\/#organization"},"potentialAction":[{"@type":"SearchAction","target":{"@type":"EntryPoint","urlTemplate":"https:\/\/www.amathuslimassol.com\/fr\/?s={search_term_string}"},"query-input":{"@type":"PropertyValueSpecification","valueRequired":true,"valueName":"search_term_string"}}],"inLanguage":"fr-FR"},{"@type":"Organization","@id":"https:\/\/www.amathuslimassol.com\/fr\/#organization","name":"Amathus Limassol","url":"https:\/\/www.amathuslimassol.com\/fr\/","logo":{"@type":"ImageObject","inLanguage":"fr-FR","@id":"https:\/\/www.amathuslimassol.com\/fr\/#\/schema\/logo\/image\/","url":"https:\/\/www.amathuslimassol.com\/wp-content\/uploads\/2018\/06\/cropped-favicon.png","contentUrl":"https:\/\/www.amathuslimassol.com\/wp-content\/uploads\/2018\/06\/cropped-favicon.png","width":512,"height":512,"caption":"Amathus Limassol"},"image":{"@id":"https:\/\/www.amathuslimassol.com\/fr\/#\/schema\/logo\/image\/"}}]}},"_links":{"self":[{"href":"https:\/\/www.amathuslimassol.com\/fr\/wp-json\/wp\/v2\/pages\/3090","targetHints":{"allow":["GET"]}}],"collection":[{"href":"https:\/\/www.amathuslimassol.com\/fr\/wp-json\/wp\/v2\/pages"}],"about":[{"href":"https:\/\/www.amathuslimassol.com\/fr\/wp-json\/wp\/v2\/types\/page"}],"author":[{"embeddable":true,"href":"https:\/\/www.amathuslimassol.com\/fr\/wp-json\/wp\/v2\/users\/1"}],"replies":[{"embeddable":true,"href":"https:\/\/www.amathuslimassol.com\/fr\/wp-json\/wp\/v2\/comments?post=3090"}],"version-history":[{"count":1,"href":"https:\/\/www.amathuslimassol.com\/fr\/wp-json\/wp\/v2\/pages\/3090\/revisions"}],"predecessor-version":[{"id":3091,"href":"https:\/\/www.amathuslimassol.com\/fr\/wp-json\/wp\/v2\/pages\/3090\/revisions\/3091"}],"wp:attachment":[{"href":"https:\/\/www.amathuslimassol.com\/fr\/wp-json\/wp\/v2\/media?parent=3090"}],"curies":[{"name":"wp","href":"https:\/\/api.w.org\/{rel}","templated":true}]}}