{"id":3145,"date":"2018-07-03T14:52:58","date_gmt":"2018-07-03T11:52:58","guid":{"rendered":"https:\/\/www.amathuslimassol.com\/your-pelican-kids-club\/"},"modified":"2025-09-04T12:16:33","modified_gmt":"2025-09-04T09:16:33","slug":"pelican-kids-club","status":"publish","type":"page","link":"https:\/\/www.amathuslimassol.com\/fr\/family-vacations-cyprus\/pelican-kids-club\/","title":{"rendered":"Votre Pelican Club Pour Enfants"},"content":{"rendered":"","protected":false},"excerpt":{"rendered":"","protected":false},"author":1,"featured_media":0,"parent":3119,"menu_order":0,"comment_status":"closed","ping_status":"closed","template":"templates\/facilities.php","meta":{"_acf_changed":false},"class_list":["post-3145","page","type-page","status-publish","hentry"],"acf":[],"yoast_head":"<!-- This site is optimized with the Yoast SEO plugin v27.2 - https:\/\/yoast.com\/product\/yoast-seo-wordpress\/ -->\n<title>Votre Pelican Club Pour Enfants | Amathus Limassol<\/title>\n<meta name=\"description\" content=\"Con\u00e7u selon les derni\u00e8res r\u00e8gles de s\u00e9curit\u00e9 pour l&#039;amusement et l&#039;\u00e9ducation, le Club Enfants &quot;Le Pelican&quot; de Amathus Limassol est supervis\u00e9 par une \u00e9quipe bien form\u00e9e\" \/>\n<meta name=\"robots\" content=\"index, follow, max-snippet:-1, max-image-preview:large, max-video-preview:-1\" \/>\n<link rel=\"canonical\" href=\"https:\/\/www.amathuslimassol.com\/fr\/family-vacations-cyprus\/pelican-kids-club\/\" \/>\n<meta property=\"og:locale\" content=\"fr_FR\" \/>\n<meta property=\"og:type\" content=\"article\" \/>\n<meta property=\"og:title\" content=\"Votre Pelican Club Pour Enfants | Amathus Limassol\" \/>\n<meta property=\"og:description\" content=\"Con\u00e7u selon les derni\u00e8res r\u00e8gles de s\u00e9curit\u00e9 pour l&#039;amusement et l&#039;\u00e9ducation, le Club Enfants &quot;Le Pelican&quot; de Amathus Limassol est supervis\u00e9 par une \u00e9quipe bien form\u00e9e\" \/>\n<meta property=\"og:url\" content=\"https:\/\/www.amathuslimassol.com\/fr\/family-vacations-cyprus\/pelican-kids-club\/\" \/>\n<meta property=\"og:site_name\" content=\"Amathus Limassol\" \/>\n<meta property=\"article:modified_time\" content=\"2025-09-04T09:16:33+00:00\" \/>\n<meta property=\"og:image\" content=\"https:\/\/www.amathuslimassol.com\/wp-content\/uploads\/2018\/07\/amathus-family-beach.jpg\" \/>\n\t<meta property=\"og:image:width\" content=\"1920\" \/>\n\t<meta property=\"og:image:height\" content=\"1080\" \/>\n\t<meta property=\"og:image:type\" content=\"image\/jpeg\" \/>\n<meta name=\"twitter:card\" content=\"summary_large_image\" \/>\n<!-- \/ Yoast SEO plugin. -->","yoast_head_json":{"title":"Votre Pelican Club Pour Enfants | Amathus Limassol","description":"Con\u00e7u selon les derni\u00e8res r\u00e8gles de s\u00e9curit\u00e9 pour l'amusement et l'\u00e9ducation, le Club Enfants \"Le Pelican\" de Amathus Limassol est supervis\u00e9 par une \u00e9quipe bien form\u00e9e","robots":{"index":"index","follow":"follow","max-snippet":"max-snippet:-1","max-image-preview":"max-image-preview:large","max-video-preview":"max-video-preview:-1"},"canonical":"https:\/\/www.amathuslimassol.com\/fr\/family-vacations-cyprus\/pelican-kids-club\/","og_locale":"fr_FR","og_type":"article","og_title":"Votre Pelican Club Pour Enfants | Amathus Limassol","og_description":"Con\u00e7u selon les derni\u00e8res r\u00e8gles de s\u00e9curit\u00e9 pour l'amusement et l'\u00e9ducation, le Club Enfants \"Le Pelican\" de Amathus Limassol est supervis\u00e9 par une \u00e9quipe bien form\u00e9e","og_url":"https:\/\/www.amathuslimassol.com\/fr\/family-vacations-cyprus\/pelican-kids-club\/","og_site_name":"Amathus Limassol","article_modified_time":"2025-09-04T09:16:33+00:00","og_image":[{"width":1920,"height":1080,"url":"https:\/\/www.amathuslimassol.com\/wp-content\/uploads\/2018\/07\/amathus-family-beach.jpg","type":"image\/jpeg"}],"twitter_card":"summary_large_image","schema":{"@context":"https:\/\/schema.org","@graph":[{"@type":"WebPage","@id":"https:\/\/www.amathuslimassol.com\/fr\/family-vacations-cyprus\/pelican-kids-club\/","url":"https:\/\/www.amathuslimassol.com\/fr\/family-vacations-cyprus\/pelican-kids-club\/","name":"Votre Pelican Club Pour Enfants | Amathus Limassol","isPartOf":{"@id":"https:\/\/www.amathuslimassol.com\/fr\/#website"},"datePublished":"2018-07-03T11:52:58+00:00","dateModified":"2025-09-04T09:16:33+00:00","description":"Con\u00e7u selon les derni\u00e8res r\u00e8gles de s\u00e9curit\u00e9 pour l'amusement et l'\u00e9ducation, le Club Enfants \"Le Pelican\" de Amathus Limassol est supervis\u00e9 par une \u00e9quipe bien form\u00e9e","breadcrumb":{"@id":"https:\/\/www.amathuslimassol.com\/fr\/family-vacations-cyprus\/pelican-kids-club\/#breadcrumb"},"inLanguage":"fr-FR","potentialAction":[{"@type":"ReadAction","target":["https:\/\/www.amathuslimassol.com\/fr\/family-vacations-cyprus\/pelican-kids-club\/"]}]},{"@type":"BreadcrumbList","@id":"https:\/\/www.amathuslimassol.com\/fr\/family-vacations-cyprus\/pelican-kids-club\/#breadcrumb","itemListElement":[{"@type":"ListItem","position":1,"name":"Home","item":"https:\/\/www.amathuslimassol.com\/fr\/"},{"@type":"ListItem","position":2,"name":"Vacances en Famille","item":"https:\/\/www.amathuslimassol.com\/fr\/family-vacations-cyprus\/"},{"@type":"ListItem","position":3,"name":"Votre Pelican Club Pour Enfants"}]},{"@type":"WebSite","@id":"https:\/\/www.amathuslimassol.com\/fr\/#website","url":"https:\/\/www.amathuslimassol.com\/fr\/","name":"Amathus Limassol","description":"","publisher":{"@id":"https:\/\/www.amathuslimassol.com\/fr\/#organization"},"potentialAction":[{"@type":"SearchAction","target":{"@type":"EntryPoint","urlTemplate":"https:\/\/www.amathuslimassol.com\/fr\/?s={search_term_string}"},"query-input":{"@type":"PropertyValueSpecification","valueRequired":true,"valueName":"search_term_string"}}],"inLanguage":"fr-FR"},{"@type":"Organization","@id":"https:\/\/www.amathuslimassol.com\/fr\/#organization","name":"Amathus Limassol","url":"https:\/\/www.amathuslimassol.com\/fr\/","logo":{"@type":"ImageObject","inLanguage":"fr-FR","@id":"https:\/\/www.amathuslimassol.com\/fr\/#\/schema\/logo\/image\/","url":"https:\/\/www.amathuslimassol.com\/wp-content\/uploads\/2018\/06\/cropped-favicon.png","contentUrl":"https:\/\/www.amathuslimassol.com\/wp-content\/uploads\/2018\/06\/cropped-favicon.png","width":512,"height":512,"caption":"Amathus Limassol"},"image":{"@id":"https:\/\/www.amathuslimassol.com\/fr\/#\/schema\/logo\/image\/"}}]}},"_links":{"self":[{"href":"https:\/\/www.amathuslimassol.com\/fr\/wp-json\/wp\/v2\/pages\/3145","targetHints":{"allow":["GET"]}}],"collection":[{"href":"https:\/\/www.amathuslimassol.com\/fr\/wp-json\/wp\/v2\/pages"}],"about":[{"href":"https:\/\/www.amathuslimassol.com\/fr\/wp-json\/wp\/v2\/types\/page"}],"author":[{"embeddable":true,"href":"https:\/\/www.amathuslimassol.com\/fr\/wp-json\/wp\/v2\/users\/1"}],"replies":[{"embeddable":true,"href":"https:\/\/www.amathuslimassol.com\/fr\/wp-json\/wp\/v2\/comments?post=3145"}],"version-history":[{"count":6,"href":"https:\/\/www.amathuslimassol.com\/fr\/wp-json\/wp\/v2\/pages\/3145\/revisions"}],"predecessor-version":[{"id":80412,"href":"https:\/\/www.amathuslimassol.com\/fr\/wp-json\/wp\/v2\/pages\/3145\/revisions\/80412"}],"up":[{"embeddable":true,"href":"https:\/\/www.amathuslimassol.com\/fr\/wp-json\/wp\/v2\/pages\/3119"}],"wp:attachment":[{"href":"https:\/\/www.amathuslimassol.com\/fr\/wp-json\/wp\/v2\/media?parent=3145"}],"curies":[{"name":"wp","href":"https:\/\/api.w.org\/{rel}","templated":true}]}}