{"id":3279,"date":"2018-06-04T14:58:25","date_gmt":"2018-06-04T11:58:25","guid":{"rendered":"https:\/\/www.amathuslimassol.com\/destination\/"},"modified":"2022-01-31T18:21:23","modified_gmt":"2022-01-31T16:21:23","slug":"destination-limassol-cyprus","status":"publish","type":"page","link":"https:\/\/www.amathuslimassol.com\/fr\/destination-limassol-cyprus\/","title":{"rendered":"Locatie"},"content":{"rendered":"","protected":false},"excerpt":{"rendered":"","protected":false},"author":1,"featured_media":0,"parent":0,"menu_order":0,"comment_status":"closed","ping_status":"closed","template":"templates\/destination.php","meta":{"_acf_changed":false},"class_list":["post-3279","page","type-page","status-publish","hentry"],"acf":[],"yoast_head":"<!-- This site is optimized with the Yoast SEO plugin v27.2 - https:\/\/yoast.com\/product\/yoast-seo-wordpress\/ -->\n<title>Locatie | Amathus Limassol<\/title>\n<meta name=\"description\" content=\"L&#039;emplacement strat\u00e9gique d&#039;Amathus Limassol en fait un choix id\u00e9al pour les voyages d&#039;affaires, les vacances en famille, les escapades romantiques et les vacances de luxe. D\u00e9couvrir plus!\" \/>\n<meta name=\"robots\" content=\"index, follow, max-snippet:-1, max-image-preview:large, max-video-preview:-1\" \/>\n<link rel=\"canonical\" href=\"https:\/\/www.amathuslimassol.com\/fr\/destination-limassol-cyprus\/\" \/>\n<meta property=\"og:locale\" content=\"fr_FR\" \/>\n<meta property=\"og:type\" content=\"article\" \/>\n<meta property=\"og:title\" content=\"Locatie | Amathus Limassol\" \/>\n<meta property=\"og:description\" content=\"L&#039;emplacement strat\u00e9gique d&#039;Amathus Limassol en fait un choix id\u00e9al pour les voyages d&#039;affaires, les vacances en famille, les escapades romantiques et les vacances de luxe. D\u00e9couvrir plus!\" \/>\n<meta property=\"og:url\" content=\"https:\/\/www.amathuslimassol.com\/fr\/destination-limassol-cyprus\/\" \/>\n<meta property=\"og:site_name\" content=\"Amathus Limassol\" \/>\n<meta property=\"article:modified_time\" content=\"2022-01-31T16:21:23+00:00\" \/>\n<meta property=\"og:image\" content=\"https:\/\/www.amathuslimassol.com\/wp-content\/uploads\/2018\/07\/amathus-family-beach.jpg\" \/>\n\t<meta property=\"og:image:width\" content=\"1920\" \/>\n\t<meta property=\"og:image:height\" content=\"1080\" \/>\n\t<meta property=\"og:image:type\" content=\"image\/jpeg\" \/>\n<meta name=\"twitter:card\" content=\"summary_large_image\" \/>\n<!-- \/ Yoast SEO plugin. -->","yoast_head_json":{"title":"Locatie | Amathus Limassol","description":"L'emplacement strat\u00e9gique d'Amathus Limassol en fait un choix id\u00e9al pour les voyages d'affaires, les vacances en famille, les escapades romantiques et les vacances de luxe. D\u00e9couvrir plus!","robots":{"index":"index","follow":"follow","max-snippet":"max-snippet:-1","max-image-preview":"max-image-preview:large","max-video-preview":"max-video-preview:-1"},"canonical":"https:\/\/www.amathuslimassol.com\/fr\/destination-limassol-cyprus\/","og_locale":"fr_FR","og_type":"article","og_title":"Locatie | Amathus Limassol","og_description":"L'emplacement strat\u00e9gique d'Amathus Limassol en fait un choix id\u00e9al pour les voyages d'affaires, les vacances en famille, les escapades romantiques et les vacances de luxe. D\u00e9couvrir plus!","og_url":"https:\/\/www.amathuslimassol.com\/fr\/destination-limassol-cyprus\/","og_site_name":"Amathus Limassol","article_modified_time":"2022-01-31T16:21:23+00:00","og_image":[{"width":1920,"height":1080,"url":"https:\/\/www.amathuslimassol.com\/wp-content\/uploads\/2018\/07\/amathus-family-beach.jpg","type":"image\/jpeg"}],"twitter_card":"summary_large_image","schema":{"@context":"https:\/\/schema.org","@graph":[{"@type":"WebPage","@id":"https:\/\/www.amathuslimassol.com\/fr\/destination-limassol-cyprus\/","url":"https:\/\/www.amathuslimassol.com\/fr\/destination-limassol-cyprus\/","name":"Locatie | Amathus Limassol","isPartOf":{"@id":"https:\/\/www.amathuslimassol.com\/fr\/#website"},"datePublished":"2018-06-04T11:58:25+00:00","dateModified":"2022-01-31T16:21:23+00:00","description":"L'emplacement strat\u00e9gique d'Amathus Limassol en fait un choix id\u00e9al pour les voyages d'affaires, les vacances en famille, les escapades romantiques et les vacances de luxe. D\u00e9couvrir plus!","breadcrumb":{"@id":"https:\/\/www.amathuslimassol.com\/fr\/destination-limassol-cyprus\/#breadcrumb"},"inLanguage":"fr-FR","potentialAction":[{"@type":"ReadAction","target":["https:\/\/www.amathuslimassol.com\/fr\/destination-limassol-cyprus\/"]}]},{"@type":"BreadcrumbList","@id":"https:\/\/www.amathuslimassol.com\/fr\/destination-limassol-cyprus\/#breadcrumb","itemListElement":[{"@type":"ListItem","position":1,"name":"Home","item":"https:\/\/www.amathuslimassol.com\/fr\/"},{"@type":"ListItem","position":2,"name":"Locatie"}]},{"@type":"WebSite","@id":"https:\/\/www.amathuslimassol.com\/fr\/#website","url":"https:\/\/www.amathuslimassol.com\/fr\/","name":"Amathus Limassol","description":"","publisher":{"@id":"https:\/\/www.amathuslimassol.com\/fr\/#organization"},"potentialAction":[{"@type":"SearchAction","target":{"@type":"EntryPoint","urlTemplate":"https:\/\/www.amathuslimassol.com\/fr\/?s={search_term_string}"},"query-input":{"@type":"PropertyValueSpecification","valueRequired":true,"valueName":"search_term_string"}}],"inLanguage":"fr-FR"},{"@type":"Organization","@id":"https:\/\/www.amathuslimassol.com\/fr\/#organization","name":"Amathus Limassol","url":"https:\/\/www.amathuslimassol.com\/fr\/","logo":{"@type":"ImageObject","inLanguage":"fr-FR","@id":"https:\/\/www.amathuslimassol.com\/fr\/#\/schema\/logo\/image\/","url":"https:\/\/www.amathuslimassol.com\/wp-content\/uploads\/2018\/06\/cropped-favicon.png","contentUrl":"https:\/\/www.amathuslimassol.com\/wp-content\/uploads\/2018\/06\/cropped-favicon.png","width":512,"height":512,"caption":"Amathus Limassol"},"image":{"@id":"https:\/\/www.amathuslimassol.com\/fr\/#\/schema\/logo\/image\/"}}]}},"_links":{"self":[{"href":"https:\/\/www.amathuslimassol.com\/fr\/wp-json\/wp\/v2\/pages\/3279","targetHints":{"allow":["GET"]}}],"collection":[{"href":"https:\/\/www.amathuslimassol.com\/fr\/wp-json\/wp\/v2\/pages"}],"about":[{"href":"https:\/\/www.amathuslimassol.com\/fr\/wp-json\/wp\/v2\/types\/page"}],"author":[{"embeddable":true,"href":"https:\/\/www.amathuslimassol.com\/fr\/wp-json\/wp\/v2\/users\/1"}],"replies":[{"embeddable":true,"href":"https:\/\/www.amathuslimassol.com\/fr\/wp-json\/wp\/v2\/comments?post=3279"}],"version-history":[{"count":5,"href":"https:\/\/www.amathuslimassol.com\/fr\/wp-json\/wp\/v2\/pages\/3279\/revisions"}],"predecessor-version":[{"id":19178,"href":"https:\/\/www.amathuslimassol.com\/fr\/wp-json\/wp\/v2\/pages\/3279\/revisions\/19178"}],"wp:attachment":[{"href":"https:\/\/www.amathuslimassol.com\/fr\/wp-json\/wp\/v2\/media?parent=3279"}],"curies":[{"name":"wp","href":"https:\/\/api.w.org\/{rel}","templated":true}]}}