{"id":3284,"date":"2018-07-04T13:11:41","date_gmt":"2018-07-04T10:11:41","guid":{"rendered":"https:\/\/www.amathuslimassol.com\/wellness\/"},"modified":"2026-05-06T11:08:23","modified_gmt":"2026-05-06T08:08:23","slug":"wellness-spa","status":"publish","type":"page","link":"https:\/\/www.amathuslimassol.com\/fr\/wellness-spa\/","title":{"rendered":"Bien-\u00catre"},"content":{"rendered":"","protected":false},"excerpt":{"rendered":"","protected":false},"author":1,"featured_media":0,"parent":0,"menu_order":0,"comment_status":"closed","ping_status":"closed","template":"templates\/wellness.php","meta":{"_acf_changed":false},"class_list":["post-3284","page","type-page","status-publish","hentry"],"acf":[],"yoast_head":"<!-- This site is optimized with the Yoast SEO plugin v27.2 - https:\/\/yoast.com\/product\/yoast-seo-wordpress\/ -->\n<title>Bien-\u00catre | Amathus Limassol<\/title>\n<meta name=\"description\" content=\"Le Spa de l&#039; H\u00f4tel Amathus Spa Hotel \u00e0 Limassol propose une vari\u00e9t\u00e9 exceptionnelle de th\u00e9rapies et de soins de spa pour les clients souhaitant d\u00e9couvrir l&#039;art de la relaxation et du r\u00e9confort\" \/>\n<meta name=\"robots\" content=\"index, follow, max-snippet:-1, max-image-preview:large, max-video-preview:-1\" \/>\n<link rel=\"canonical\" href=\"https:\/\/www.amathuslimassol.com\/fr\/wellness-spa\/\" \/>\n<meta property=\"og:locale\" content=\"fr_FR\" \/>\n<meta property=\"og:type\" content=\"article\" \/>\n<meta property=\"og:title\" content=\"Bien-\u00catre | Amathus Limassol\" \/>\n<meta property=\"og:description\" content=\"Le Spa de l&#039; H\u00f4tel Amathus Spa Hotel \u00e0 Limassol propose une vari\u00e9t\u00e9 exceptionnelle de th\u00e9rapies et de soins de spa pour les clients souhaitant d\u00e9couvrir l&#039;art de la relaxation et du r\u00e9confort\" \/>\n<meta property=\"og:url\" content=\"https:\/\/www.amathuslimassol.com\/fr\/wellness-spa\/\" \/>\n<meta property=\"og:site_name\" content=\"Amathus Limassol\" \/>\n<meta property=\"article:modified_time\" content=\"2026-05-06T08:08:23+00:00\" \/>\n<meta property=\"og:image\" content=\"https:\/\/www.amathuslimassol.com\/wp-content\/uploads\/2018\/07\/amathus-family-beach.jpg\" \/>\n\t<meta property=\"og:image:width\" content=\"1920\" \/>\n\t<meta property=\"og:image:height\" content=\"1080\" \/>\n\t<meta property=\"og:image:type\" content=\"image\/jpeg\" \/>\n<meta name=\"twitter:card\" content=\"summary_large_image\" \/>\n<!-- \/ Yoast SEO plugin. -->","yoast_head_json":{"title":"Bien-\u00catre | Amathus Limassol","description":"Le Spa de l' H\u00f4tel Amathus Spa Hotel \u00e0 Limassol propose une vari\u00e9t\u00e9 exceptionnelle de th\u00e9rapies et de soins de spa pour les clients souhaitant d\u00e9couvrir l'art de la relaxation et du r\u00e9confort","robots":{"index":"index","follow":"follow","max-snippet":"max-snippet:-1","max-image-preview":"max-image-preview:large","max-video-preview":"max-video-preview:-1"},"canonical":"https:\/\/www.amathuslimassol.com\/fr\/wellness-spa\/","og_locale":"fr_FR","og_type":"article","og_title":"Bien-\u00catre | Amathus Limassol","og_description":"Le Spa de l' H\u00f4tel Amathus Spa Hotel \u00e0 Limassol propose une vari\u00e9t\u00e9 exceptionnelle de th\u00e9rapies et de soins de spa pour les clients souhaitant d\u00e9couvrir l'art de la relaxation et du r\u00e9confort","og_url":"https:\/\/www.amathuslimassol.com\/fr\/wellness-spa\/","og_site_name":"Amathus Limassol","article_modified_time":"2026-05-06T08:08:23+00:00","og_image":[{"width":1920,"height":1080,"url":"https:\/\/www.amathuslimassol.com\/wp-content\/uploads\/2018\/07\/amathus-family-beach.jpg","type":"image\/jpeg"}],"twitter_card":"summary_large_image","schema":{"@context":"https:\/\/schema.org","@graph":[{"@type":"WebPage","@id":"https:\/\/www.amathuslimassol.com\/fr\/wellness-spa\/","url":"https:\/\/www.amathuslimassol.com\/fr\/wellness-spa\/","name":"Bien-\u00catre | Amathus Limassol","isPartOf":{"@id":"https:\/\/www.amathuslimassol.com\/fr\/#website"},"datePublished":"2018-07-04T10:11:41+00:00","dateModified":"2026-05-06T08:08:23+00:00","description":"Le Spa de l' H\u00f4tel Amathus Spa Hotel \u00e0 Limassol propose une vari\u00e9t\u00e9 exceptionnelle de th\u00e9rapies et de soins de spa pour les clients souhaitant d\u00e9couvrir l'art de la relaxation et du r\u00e9confort","breadcrumb":{"@id":"https:\/\/www.amathuslimassol.com\/fr\/wellness-spa\/#breadcrumb"},"inLanguage":"fr-FR","potentialAction":[{"@type":"ReadAction","target":["https:\/\/www.amathuslimassol.com\/fr\/wellness-spa\/"]}]},{"@type":"BreadcrumbList","@id":"https:\/\/www.amathuslimassol.com\/fr\/wellness-spa\/#breadcrumb","itemListElement":[{"@type":"ListItem","position":1,"name":"Home","item":"https:\/\/www.amathuslimassol.com\/fr\/"},{"@type":"ListItem","position":2,"name":"Bien-\u00catre"}]},{"@type":"WebSite","@id":"https:\/\/www.amathuslimassol.com\/fr\/#website","url":"https:\/\/www.amathuslimassol.com\/fr\/","name":"Amathus Limassol","description":"","publisher":{"@id":"https:\/\/www.amathuslimassol.com\/fr\/#organization"},"potentialAction":[{"@type":"SearchAction","target":{"@type":"EntryPoint","urlTemplate":"https:\/\/www.amathuslimassol.com\/fr\/?s={search_term_string}"},"query-input":{"@type":"PropertyValueSpecification","valueRequired":true,"valueName":"search_term_string"}}],"inLanguage":"fr-FR"},{"@type":"Organization","@id":"https:\/\/www.amathuslimassol.com\/fr\/#organization","name":"Amathus Limassol","url":"https:\/\/www.amathuslimassol.com\/fr\/","logo":{"@type":"ImageObject","inLanguage":"fr-FR","@id":"https:\/\/www.amathuslimassol.com\/fr\/#\/schema\/logo\/image\/","url":"https:\/\/www.amathuslimassol.com\/wp-content\/uploads\/2018\/06\/cropped-favicon.png","contentUrl":"https:\/\/www.amathuslimassol.com\/wp-content\/uploads\/2018\/06\/cropped-favicon.png","width":512,"height":512,"caption":"Amathus Limassol"},"image":{"@id":"https:\/\/www.amathuslimassol.com\/fr\/#\/schema\/logo\/image\/"}}]}},"_links":{"self":[{"href":"https:\/\/www.amathuslimassol.com\/fr\/wp-json\/wp\/v2\/pages\/3284","targetHints":{"allow":["GET"]}}],"collection":[{"href":"https:\/\/www.amathuslimassol.com\/fr\/wp-json\/wp\/v2\/pages"}],"about":[{"href":"https:\/\/www.amathuslimassol.com\/fr\/wp-json\/wp\/v2\/types\/page"}],"author":[{"embeddable":true,"href":"https:\/\/www.amathuslimassol.com\/fr\/wp-json\/wp\/v2\/users\/1"}],"replies":[{"embeddable":true,"href":"https:\/\/www.amathuslimassol.com\/fr\/wp-json\/wp\/v2\/comments?post=3284"}],"version-history":[{"count":5,"href":"https:\/\/www.amathuslimassol.com\/fr\/wp-json\/wp\/v2\/pages\/3284\/revisions"}],"predecessor-version":[{"id":84241,"href":"https:\/\/www.amathuslimassol.com\/fr\/wp-json\/wp\/v2\/pages\/3284\/revisions\/84241"}],"wp:attachment":[{"href":"https:\/\/www.amathuslimassol.com\/fr\/wp-json\/wp\/v2\/media?parent=3284"}],"curies":[{"name":"wp","href":"https:\/\/api.w.org\/{rel}","templated":true}]}}